{"id":1785,"date":"2025-06-28T14:51:08","date_gmt":"2025-06-28T14:51:08","guid":{"rendered":"https:\/\/www.gosiastanczyk.pl\/biblioteka\/w-3-sekundy-do-setki-adhd-i-emocje-copy\/"},"modified":"2025-06-28T15:52:55","modified_gmt":"2025-06-28T15:52:55","slug":"rodzic-z-adhd","status":"publish","type":"page","link":"https:\/\/www.gosiastanczyk.pl\/biblioteka\/rodzic-z-adhd\/","title":{"rendered":"Rodzic z ADHD. Wyzwania i strategie"},"content":{"rendered":"<!--themify_builder_content-->\n<div id=\"themify_builder_content-1785\" data-postid=\"1785\" class=\"themify_builder_content themify_builder_content-1785 themify_builder tf_clear\">\n                    <div  data-lazy=\"1\" class=\"module_row themify_builder_row tb_wiek200 tb_first tf_w\">\n                        <div class=\"row_inner col_align_top tb_col_count_1 tf_box tf_rel\">\n                        <div  data-lazy=\"1\" class=\"module_column tb-column col-full tb_1pih002 first\">\n                    <!-- module image -->\n<div  class=\"module module-image tb_qutv172 image-center   tf_mw\" data-lazy=\"1\">\n        <div class=\"image-wrap tf_rel tf_mw\">\n            <img loading=\"lazy\" decoding=\"async\" src=\"https:\/\/www.gosiastanczyk.pl\/biblioteka\/wp-content\/uploads\/2025\/06\/W-3-sekundy-do-setki.-ADHD-i-emocje-4-1024x1024-600x600.png\" width=\"600\" height=\"600\" class=\"wp-post-image wp-image-1790\" title=\"W 3 sekundy do setki. ADHD i emocje (4)\" alt=\"W 3 sekundy do setki. ADHD i emocje (4)\" srcset=\"https:\/\/www.gosiastanczyk.pl\/biblioteka\/wp-content\/uploads\/2025\/06\/W-3-sekundy-do-setki.-ADHD-i-emocje-4-1024x1024-600x600.png 600w, https:\/\/www.gosiastanczyk.pl\/biblioteka\/wp-content\/uploads\/2025\/06\/W-3-sekundy-do-setki.-ADHD-i-emocje-4-300x300.png 300w, https:\/\/www.gosiastanczyk.pl\/biblioteka\/wp-content\/uploads\/2025\/06\/W-3-sekundy-do-setki.-ADHD-i-emocje-4-1024x1024.png 1024w, https:\/\/www.gosiastanczyk.pl\/biblioteka\/wp-content\/uploads\/2025\/06\/W-3-sekundy-do-setki.-ADHD-i-emocje-4-150x150.png 150w, https:\/\/www.gosiastanczyk.pl\/biblioteka\/wp-content\/uploads\/2025\/06\/W-3-sekundy-do-setki.-ADHD-i-emocje-4-768x768.png 768w, https:\/\/www.gosiastanczyk.pl\/biblioteka\/wp-content\/uploads\/2025\/06\/W-3-sekundy-do-setki.-ADHD-i-emocje-4.png 1080w\" sizes=\"auto, (max-width: 600px) 100vw, 600px\" \/>    \n        <\/div>\n    <!-- \/image-wrap -->\n    \n        <\/div>\n<!-- \/module image --><!-- module text -->\n<div  class=\"module module-text tb_i6gn106   \" data-lazy=\"1\">\n        <div  class=\"tb_text_wrap\">\n            <\/div>\n<\/div>\n<!-- \/module text --><!-- module text -->\n<div  class=\"module module-text tb_aybt728   \" data-lazy=\"1\">\n        <div  class=\"tb_text_wrap\">\n        <pre style=\"text-align: left;\">\u00a0<\/pre>\n<h3 style=\"text-align: left;\">Rodzic z ADHD. Wyzwania i strategie<\/h3>\n<p style=\"text-align: left;\">Prowadz\u0105ce: Gosia Sta\u0144czyk i Kasia Kalinowska (psycholo\u017cki)<br>Termin: 15.07.2025 o 21:00*<\/p>\n<p style=\"text-align: left;\">*nie musisz by\u0107 na \u017cywo, webinarium b\u0119dzie nagrywane<\/p>\n<p style=\"text-align: left;\">Webinarium poprowadz\u0105: <b>Gosia Sta\u0144czyk<\/b> (psycholo\u017cka), <b>Kasia Kalinowska<\/b> (psycholo\u017cka)<span style=\"font-size: 1em;\"><br><\/span><\/p>\n<p style=\"text-align: left;\"><b>Dla kogo jest to webinarium?<\/b><br>Dla os\u00f3b, kt\u00f3re maj\u0105 ju\u017c <b>diagnoz\u0119 ADHD<\/b> lub s\u0105 w trakcie obserwacji w tym kierunku. <br>Czy to webinar dla <b>partner\u00f3w os\u00f3b z ADHD<\/b>? Tak, je\u015bli chc\u0105 oni lepiej zrozumie\u0107 swoich partner\u00f3w z ADHD. (Nie b\u0119dziemy dawa\u0107 strategii na to, jak zmieni\u0107 partnera z ADHD).<br>Dla <b>specjalist\u00f3w<\/b> pracuj\u0105cych z rodzicami, by mogli lepiej wspiera\u0107 i rozumie\u0107 rodzic\u00f3w z ADHD, kt\u00f3rzy zg\u0142aszaj\u0105 si\u0119 na konsultacje.<\/p>\n<p style=\"text-align: left;\"><b>Tematy, kt\u00f3rym b\u0119dziemy si\u0119 przygl\u0105da\u0107 podczas webinarium:<br><\/b>\u2705 Czym jest ADHD?<br>\u2705 Po co doros\u0142emu diagnoza ADHD i jak przebiega proces diagnostyczny?<br>\u2705 Jak ADHD mo\u017ce wp\u0142ywa\u0107 na nasze rodzicielstwo. Najcz\u0119stsze wyzwania:<br>1. W rodzicielstwie trudno o satysfakcj\u0119 i \u201eszybkie nagrody\u201d.<br>2. Trudno\u015bci w modelowaniu. Jak wspiera\u0107 dziecko w tym, z czym sam mam problem?<br>3. Impulsywno\u015b\u0107 rodzica.<br>4. Trudno\u015bci z trzymaniem rutyny i organizacj\u0105 codzienno\u015bci.<br>5. Ba\u0142agan, chaos, ha\u0142as.<br>6. Przebod\u017acowanie, przem\u0119czenie.<br>7. Zarz\u0105dzanie uwag\u0105 i hiperfokus.<br>8. Interpretowanie zachowa\u0144 dziecka jako skierowanych przeciwko sobie.<br>9. Wp\u0142yw zranie\u0144 i naszej historii \u017cycia na reagowanie w sytuacjach zwi\u0105zanych z naszymi dzie\u0107mi.<br>10. Maskowanie si\u0119 i zwi\u0105zane z nim koszty.<br>\u2705 ADHD to nie tylko wyzwania. To tak\u017ce zasoby.<\/p>\n<p style=\"text-align: left;\">Podczas webinarium opowiemy o najcz\u0119stszych wyzwaniach rodzic\u00f3w z ADHD, wyja\u015bnimy jak je rozumie\u0107 z perspektywy wiedzy o ADHD i podsuniemy strategie, kt\u00f3re pomog\u0105 sobie z nimi radzi\u0107.<\/p>\n<div style=\"text-align: left;\">\n<div>\n<p style=\"text-align: left;\"><span style=\"background-color: initial; font-size: 1em;\">Czas trwania \u2013 ok. 1,5 h<\/span><\/p>\n<\/div>\n<\/div>    <\/div>\n<\/div>\n<!-- \/module text --><!-- module text -->\n<div  class=\"module module-text tb_ceqh000   \" data-lazy=\"1\">\n        <div  class=\"tb_text_wrap\">\n            <\/div>\n<\/div>\n<!-- \/module text -->        <\/div>\n                        <\/div>\n        <\/div>\n                        <div  data-lazy=\"1\" class=\"module_row themify_builder_row tb_jkmy291 tf_w\">\n                        <div class=\"row_inner col_align_top tb_col_count_2 tf_box tf_rel\">\n                        <div  data-lazy=\"1\" class=\"module_column tb-column tb_zhw1890 first\">\n                    <!-- module image -->\n<div  class=\"module module-image tb_qp03801 image-top   tf_mw\" data-lazy=\"1\">\n        <div class=\"image-wrap tf_rel tf_mw\">\n            <img loading=\"lazy\" decoding=\"async\" width=\"853\" height=\"1280\" src=\"https:\/\/www.gosiastanczyk.pl\/biblioteka\/wp-content\/uploads\/2024\/12\/0T4A8344-Duzy.jpeg\" class=\"wp-post-image wp-image-1643\" title=\"0T4A8344-Duzy\" alt=\"0T4A8344-Duzy\" srcset=\"https:\/\/www.gosiastanczyk.pl\/biblioteka\/wp-content\/uploads\/2024\/12\/0T4A8344-Duzy.jpeg 853w, https:\/\/www.gosiastanczyk.pl\/biblioteka\/wp-content\/uploads\/2024\/12\/0T4A8344-Duzy-200x300.jpeg 200w, https:\/\/www.gosiastanczyk.pl\/biblioteka\/wp-content\/uploads\/2024\/12\/0T4A8344-Duzy-682x1024.jpeg 682w, https:\/\/www.gosiastanczyk.pl\/biblioteka\/wp-content\/uploads\/2024\/12\/0T4A8344-Duzy-768x1152.jpeg 768w\" sizes=\"auto, (max-width: 853px) 100vw, 853px\" \/>    \n        <\/div>\n    <!-- \/image-wrap -->\n    \n        <\/div>\n<!-- \/module image -->        <\/div>\n                    <div  data-lazy=\"1\" class=\"module_column tb-column tb_qxn5200 last\">\n                    <!-- module text -->\n<div  class=\"module module-text tb_tu7v091   \" data-lazy=\"1\">\n        <div  class=\"tb_text_wrap\">\n        <h3>Gosia Sta\u0144czyk<\/h3>\n<p>psycholo\u017cka<\/p>\n<p>Jestem psycholo\u017ck\u0105, mam\u0105 trojga dzieci. Wspieram rodzic\u00f3w i nauczycieli w poszukiwaniu wiedzy, narz\u0119dzi i sposob\u00f3w na satysfakcjonuj\u0105cy, oparty na szacunku kontakt z dzie\u0107mi. Prowadz\u0119 warsztaty dla rodzic\u00f3w, webinaria i superwizyjne spotkania dla nauczycieli. Jestem autork\u0105 ksi\u0105\u017cek \u201eRodze\u0144stwo\u201d i \u201eMoje dziecko si\u0119 z\u0142o\u015bci\u201d. Fascynuje mnie temat neuror\u00f3\u017cnorodno\u015bci.<\/p>    <\/div>\n<\/div>\n<!-- \/module text -->        <\/div>\n                        <\/div>\n        <\/div>\n                        <div  data-lazy=\"1\" class=\"module_row themify_builder_row tb_u665910 tf_w\">\n                        <div class=\"row_inner col_align_top tb_col_count_2 tf_box tf_rel\">\n                        <div  data-lazy=\"1\" class=\"module_column tb-column tb_klaz919 first\">\n                    <!-- module image -->\n<div  class=\"module module-image tb_wmhc097 image-top   tf_mw\" data-lazy=\"1\">\n        <div class=\"image-wrap tf_rel tf_mw\">\n            <img loading=\"lazy\" decoding=\"async\" width=\"680\" height=\"712\" src=\"https:\/\/www.gosiastanczyk.pl\/biblioteka\/wp-content\/uploads\/2024\/12\/DSC06052-1-683x1024-1-1-1.jpg\" class=\"wp-post-image wp-image-1644\" title=\"DSC06052-1-683x1024-1-1 (1)\" alt=\"DSC06052-1-683x1024-1-1 (1)\" srcset=\"https:\/\/www.gosiastanczyk.pl\/biblioteka\/wp-content\/uploads\/2024\/12\/DSC06052-1-683x1024-1-1-1.jpg 680w, https:\/\/www.gosiastanczyk.pl\/biblioteka\/wp-content\/uploads\/2024\/12\/DSC06052-1-683x1024-1-1-1-287x300.jpg 287w\" sizes=\"auto, (max-width: 680px) 100vw, 680px\" \/>    \n        <\/div>\n    <!-- \/image-wrap -->\n    \n        <\/div>\n<!-- \/module image -->        <\/div>\n                    <div  data-lazy=\"1\" class=\"module_column tb-column tb_slmk999 last\">\n                    <!-- module text -->\n<div  class=\"module module-text tb_mtll220   \" data-lazy=\"1\">\n        <div  class=\"tb_text_wrap\">\n        <h3>Kasia Kalinowska<\/h3>\n<p class=\"et_pb_member_position\">psycholo\u017cka<\/p>\n<div>\n<p>Jestem psycholo\u017ck\u0105, autork\u0105 projektu Przystanek Relacja, certyfikowan\u0105 trenerk\u0105 FamilyLab Polska. Wspieram rodzic\u00f3w i nauczycieli w budowaniu czu\u0142ych relacji z sob\u0105, dzie\u0107mi i innymi doros\u0142ymi. Jestem absolwentk\u0105 licznych szkole\u0144 z zakresu Rodzicielstwa Blisko\u015bci i Porozumienia bez Przemocy. Wsp\u00f3lnie z Gosi\u0105 napisa\u0142am ksi\u0105\u017ck\u0119 \u201e\u017bycie z przedszkolakiem\u201d (wyd. Mamania).<\/p>\n<\/div>    <\/div>\n<\/div>\n<!-- \/module text -->        <\/div>\n                        <\/div>\n        <\/div>\n                        <div  data-lazy=\"1\" class=\"module_row themify_builder_row tb_4nzq210 tf_w\">\n                        <div class=\"row_inner col_align_top tb_col_count_1 tf_box tf_rel\">\n                        <div  data-lazy=\"1\" class=\"module_column tb-column col-full tb_36w7912 first\">\n                            <\/div>\n                        <\/div>\n        <\/div>\n                        <div  data-anchor=\"zapisy\" data-lazy=\"1\" class=\"module_row themify_builder_row tb_has_section tb_section-zapisy tb_bqtu110 tf_w\">\n                        <div class=\"row_inner col_align_top tb_col_count_2 tf_box tf_rel\">\n                        <div  data-lazy=\"1\" class=\"module_column tb-column col4-2 tb_3itg100 first\">\n                    <div  id=\"tb_ztjg221\" class=\"module module-pricing-table ui tb_ztjg221 rounded gradient red  tf_textc tf_rel tf_w pricing-enlarge\" data-lazy=\"1\">\n\t\t\n\t\n    <div class=\"module-pricing-table-header tf_rel ui red rounded gradient\" >\n\t\t\t\t\t<span class=\"module-pricing-table-title tf_block tf_w\">\n\t\t\t\t\t\t\t\t<span>SUBSKRYPCJA<\/span>\n\t\t\t<\/span>\n\t\t\t\t\t\t\t<span class=\"module-pricing-table-price tf_block tf_w\">59 Z\u0141<\/span>\n\t\t\t\t\t\t\t<p class=\"module-pricing-table-reccuring-fee\">miesi\u0119cznie (p\u0142atno\u015b\u0107 cykliczna)<\/p>\n\t\t\t\t\t\t\t<p class=\"module-pricing-table-description\">Dost\u0119p tego webinarium oraz do archiwum 50+ webinar\u00f3w Gosi Sta\u0144czyk<\/p>\n\t\t    <\/div><!-- .module-pricing-table-header -->\n    <div class=\"module-pricing-table-content tf_box tf_w\">\n\t\t\t\t\t\t\t\t\t\t\t\t\t\t<div class=\"module-pricing-table-features\">\u2705 Zapisuj\u0105c si\u0119 w formie subskrypcji otrzymiujesz dost\u0119p do webinarium <\/div>\n\t\t\t\t\t\t\t\t\t\t\t\t\t\t\t\t<div class=\"module-pricing-table-features\"><b>\u201eRodzic z ADHD. Wyzwania i strategie&#8221;<\/b> <\/div>\n\t\t\t\t\t\t\t\t\t\t\t\t\t\t\t\t<div class=\"module-pricing-table-features\">Nagranie oraz mo\u017cliwo\u015b\u0107 udzia\u0142u na \u017cywo 15.07.2025 o 21:00.<\/div>\n\t\t\t\t\t\t\t\t\t\t\t\t\t\t\t\t<div class=\"module-pricing-table-features\">oraz<\/div>\n\t\t\t\t\t\t\t\t\t\t\t\t\t\t\t\t<div class=\"module-pricing-table-features\">\u2705 Dost\u0119p do 50+ webinar\u00f3w archiwalnych w trakcie aktywnej subskrypcji<\/div>\n\t\t\t\t\t\t\t\t\t\t\t\t\t\t\t\t<div class=\"module-pricing-table-features\">\u2705 Dost\u0119p do bonus\u00f3w (np. webinariu <b>ADHD i emocje<\/b>, kurs online <b>Z\u0142o\u015b\u0107 rodzica<\/b> i inne)<\/div>\n\t\t\t\t\t\t\t\t\t\t\t\t\t\t\t\t<div class=\"module-pricing-table-features\">Wersje mp3 wszystkich nagra\u0144<\/div>\n\t\t\t\t\t\t\t\t\t\t\t\t\t\t\t\t<div class=\"module-pricing-table-features\">Dost\u0119p do grupy Uczestnik\u00f3w na FB<\/div>\n\t\t\t\t\t\t\t\t\t\t\t\t\t\t\t\t<div class=\"module-pricing-table-features\">\ud83d\udcb3 P\u0142atno\u015b\u0107 kart\u0105 (Visa, Mastercard)<\/div>\n\t\t\t\t\t\t\t\t\t\t\t\t\t\t\t\t<div class=\"module-pricing-table-features\">\ud83d\udd04 Subskrypcja (p\u0142atno\u015b\u0107 odnawialna automatycznie co miesi\u0105c)<\/div>\n\t\t\t\t\t\t\t\t\t\t\t\t\t\t\t\t<div class=\"module-pricing-table-features\">\u2705 W ka\u017cdej chwili mo\u017cesz zrezygnowa\u0107 (b\u0119dziesz mie\u0107 wtedy dost\u0119p do ko\u0144ca op\u0142aconego okresu i kolejna op\u0142ata nie zostanie pobrana).<\/div>\n\t\t\t\t\t\t\t\t\t\t\t\t\t\t\t\t\t\t\t\t\t\t\t\t\t\t\t\t\t\t\t<a class=\"module-pricing-table-button tf_rel ui red rounded gradient\" href=\"https:\/\/easl.ink\/BoO3g?ref=20250715\">\n\t\t\t\tKUPUJ\u0118 W SUBSKRYPCJI (P\u0141ATNO\u015a\u0106 CYKLICZNA 59 Z\u0141\/MIESI\u0104C) \n\t\t\t<\/a> \n\t\t    <\/div><!-- .module-pricing-table-content -->\n\t<\/div><!-- \/module pricing-table -->\n<!-- module buttons -->\n<div  class=\"module module-buttons tb_ros5119 buttons-horizontal solid  large rounded\" data-lazy=\"1\">\n        <div class=\"module-buttons-item tf_in_flx\">\n                        <a href=\"https:\/\/easl.ink\/BoO3g\" class=\"ui builder_button tf_in_flx tb_default_color\" >\n                                                Chc\u0119 pozna\u0107 wi\u0119cej szczeg\u00f3\u0142\u00f3w o subskrypcji                                        <\/a>\n                <\/div>\n            <\/div>\n<!-- \/module buttons -->\n        <\/div>\n                    <div  data-lazy=\"1\" class=\"module_column tb-column col4-2 tb_fhiv020 last\">\n                    <div  id=\"tb_kqvi100\" class=\"module module-pricing-table ui tb_kqvi100 rounded gradient light-blue  tf_textc tf_rel tf_w\" data-lazy=\"1\">\n\t\t\n\t\n    <div class=\"module-pricing-table-header tf_rel ui light-blue rounded gradient\" >\n\t\t\t\t\t<span class=\"module-pricing-table-title tf_block tf_w\">\n\t\t\t\t\t\t\t\t<span>Pojedyncze webinarium<\/span>\n\t\t\t<\/span>\n\t\t\t\t\t\t\t<span class=\"module-pricing-table-price tf_block tf_w\">59 Z\u0141<\/span>\n\t\t\t\t\t\t\t<p class=\"module-pricing-table-reccuring-fee\">p\u0142atno\u015b\u0107 jednorazowa<\/p>\n\t\t\t\t\t\t\t<p class=\"module-pricing-table-description\">Dost\u0119p tylko do tego webinarium<\/p>\n\t\t    <\/div><!-- .module-pricing-table-header -->\n    <div class=\"module-pricing-table-content tf_box tf_w\">\n\t\t\t\t\t\t\t\t\t\t\t\t\t\t<div class=\"module-pricing-table-features\">Webinarium \u201eRodzic z ADHD. Wyzwania i strategie&#8221;<\/div>\n\t\t\t\t\t\t\t\t\t\t\t\t\t\t\t\t<div class=\"module-pricing-table-features\">Mo\u017cliwo\u015b\u0107 udzia\u0142u na \u017cywo 15.07.2025 o 21:00<\/div>\n\t\t\t\t\t\t\t\t\t\t\t\t\t\t\t\t<div class=\"module-pricing-table-features\">Dost\u0119p do nagrania (na 2 lata)<\/div>\n\t\t\t\t\t\t\t\t\t\t\t\t\t\t\t\t<div class=\"module-pricing-table-features\">\ud83d\udcf1 P\u0142atno\u015b\u0107 BLIK<\/div>\n\t\t\t\t\t\t\t\t\t\t\t\t\t\t\t\t<div class=\"module-pricing-table-features\">\ud83c\udfe6 P\u0142atno\u015b\u0107 szybkimi przelewami<\/div>\n\t\t\t\t\t\t\t\t\t\t\t\t\t\t\t\t<div class=\"module-pricing-table-features\">\ud83d\udcb3 P\u0142atno\u015b\u0107 kart\u0105 (Visa, Mastercard)<\/div>\n\t\t\t\t\t\t\t\t\t\t\t\t\t\t\t\t\t\t\t\t\t\t\t\t\t\t\t\t\t\t\t<a class=\"module-pricing-table-button tf_rel ui light-blue rounded gradient\" href=\"https:\/\/platformarozwojowa.pl\/zamowienie\/?add-to-cart=261332&price-id=1\">\n\t\t\t\tKupuj\u0119 pojedyncze webinarium \n\t\t\t<\/a> \n\t\t    <\/div><!-- .module-pricing-table-content -->\n\t<\/div><!-- \/module pricing-table -->\n        <\/div>\n                        <\/div>\n        <\/div>\n        <\/div>\n<!--\/themify_builder_content-->","protected":false},"excerpt":{"rendered":"<p>\u00a0 Rodzic z ADHD. Wyzwania i strategie Prowadz\u0105ce: Gosia Sta\u0144czyk i Kasia Kalinowska (psycholo\u017cki)Termin: 15.07.2025 o 21:00* *nie musisz by\u0107 na \u017cywo, webinarium b\u0119dzie nagrywane Webinarium poprowadz\u0105: Gosia Sta\u0144czyk (psycholo\u017cka), Kasia Kalinowska (psycholo\u017cka) Dla kogo jest to webinarium?Dla os\u00f3b, kt\u00f3re maj\u0105 ju\u017c diagnoz\u0119 ADHD lub s\u0105 w trakcie obserwacji w tym kierunku. Czy to webinar [&hellip;]<\/p>\n","protected":false},"author":1,"featured_media":0,"parent":0,"menu_order":0,"comment_status":"closed","ping_status":"closed","template":"","meta":{"_monsterinsights_skip_tracking":false,"_monsterinsights_sitenote_active":false,"_monsterinsights_sitenote_note":"","_monsterinsights_sitenote_category":0,"footnotes":""},"class_list":["post-1785","page","type-page","status-publish","hentry","has-post-title","has-post-date","has-post-category","has-post-tag","has-post-comment","has-post-author",""],"builder_content":"<img src=\"https:\/\/www.gosiastanczyk.pl\/biblioteka\/wp-content\/uploads\/2025\/06\/W-3-sekundy-do-setki.-ADHD-i-emocje-4-1024x1024-600x600.png\" width=\"600\" height=\"600\" title=\"W 3 sekundy do setki. ADHD i emocje (4)\" alt=\"W 3 sekundy do setki. ADHD i emocje (4)\" srcset=\"https:\/\/www.gosiastanczyk.pl\/biblioteka\/wp-content\/uploads\/2025\/06\/W-3-sekundy-do-setki.-ADHD-i-emocje-4-1024x1024-600x600.png 600w, https:\/\/www.gosiastanczyk.pl\/biblioteka\/wp-content\/uploads\/2025\/06\/W-3-sekundy-do-setki.-ADHD-i-emocje-4-300x300.png 300w, https:\/\/www.gosiastanczyk.pl\/biblioteka\/wp-content\/uploads\/2025\/06\/W-3-sekundy-do-setki.-ADHD-i-emocje-4-1024x1024.png 1024w, https:\/\/www.gosiastanczyk.pl\/biblioteka\/wp-content\/uploads\/2025\/06\/W-3-sekundy-do-setki.-ADHD-i-emocje-4-150x150.png 150w, https:\/\/www.gosiastanczyk.pl\/biblioteka\/wp-content\/uploads\/2025\/06\/W-3-sekundy-do-setki.-ADHD-i-emocje-4-768x768.png 768w, https:\/\/www.gosiastanczyk.pl\/biblioteka\/wp-content\/uploads\/2025\/06\/W-3-sekundy-do-setki.-ADHD-i-emocje-4.png 1080w\" sizes=\"(max-width: 600px) 100vw, 600px\" \/>\n\n<pre style=\"text-align: left;\">\u00a0<\/pre> <h3 style=\"text-align: left;\">Rodzic z ADHD. Wyzwania i strategie<\/h3> <p style=\"text-align: left;\">Prowadz\u0105ce: Gosia Sta\u0144czyk i Kasia Kalinowska (psycholo\u017cki)<br>Termin: 15.07.2025 o 21:00*<\/p> <p style=\"text-align: left;\">*nie musisz by\u0107 na \u017cywo, webinarium b\u0119dzie nagrywane<\/p> <p style=\"text-align: left;\">Webinarium poprowadz\u0105: <b>Gosia Sta\u0144czyk<\/b> (psycholo\u017cka), <b>Kasia Kalinowska<\/b> (psycholo\u017cka)<br><\/p> <p style=\"text-align: left;\"><b>Dla kogo jest to webinarium?<\/b><br>Dla os\u00f3b, kt\u00f3re maj\u0105 ju\u017c <b>diagnoz\u0119 ADHD<\/b> lub s\u0105 w trakcie obserwacji w tym kierunku. <br>Czy to webinar dla <b>partner\u00f3w os\u00f3b z ADHD<\/b>? Tak, je\u015bli chc\u0105 oni lepiej zrozumie\u0107 swoich partner\u00f3w z ADHD. (Nie b\u0119dziemy dawa\u0107 strategii na to, jak zmieni\u0107 partnera z ADHD).<br>Dla <b>specjalist\u00f3w<\/b> pracuj\u0105cych z rodzicami, by mogli lepiej wspiera\u0107 i rozumie\u0107 rodzic\u00f3w z ADHD, kt\u00f3rzy zg\u0142aszaj\u0105 si\u0119 na konsultacje.<\/p> <p style=\"text-align: left;\"><b>Tematy, kt\u00f3rym b\u0119dziemy si\u0119 przygl\u0105da\u0107 podczas webinarium:<br><\/b>\u2705 Czym jest ADHD?<br>\u2705 Po co doros\u0142emu diagnoza ADHD i jak przebiega proces diagnostyczny?<br>\u2705 Jak ADHD mo\u017ce wp\u0142ywa\u0107 na nasze rodzicielstwo. Najcz\u0119stsze wyzwania:<br>1. W rodzicielstwie trudno o satysfakcj\u0119 i \u201eszybkie nagrody\u201d.<br>2. Trudno\u015bci w modelowaniu. Jak wspiera\u0107 dziecko w tym, z czym sam mam problem?<br>3. Impulsywno\u015b\u0107 rodzica.<br>4. Trudno\u015bci z trzymaniem rutyny i organizacj\u0105 codzienno\u015bci.<br>5. Ba\u0142agan, chaos, ha\u0142as.<br>6. Przebod\u017acowanie, przem\u0119czenie.<br>7. Zarz\u0105dzanie uwag\u0105 i hiperfokus.<br>8. Interpretowanie zachowa\u0144 dziecka jako skierowanych przeciwko sobie.<br>9. Wp\u0142yw zranie\u0144 i naszej historii \u017cycia na reagowanie w sytuacjach zwi\u0105zanych z naszymi dzie\u0107mi.<br>10. Maskowanie si\u0119 i zwi\u0105zane z nim koszty.<br>\u2705 ADHD to nie tylko wyzwania. To tak\u017ce zasoby.<\/p> <p style=\"text-align: left;\">Podczas webinarium opowiemy o najcz\u0119stszych wyzwaniach rodzic\u00f3w z ADHD, wyja\u015bnimy jak je rozumie\u0107 z perspektywy wiedzy o ADHD i podsuniemy strategie, kt\u00f3re pomog\u0105 sobie z nimi radzi\u0107.<\/p>\n<p style=\"text-align: left;\">Czas trwania \u2013 ok. 1,5 h<\/p>\n\n<img src=\"https:\/\/www.gosiastanczyk.pl\/biblioteka\/wp-content\/uploads\/2024\/12\/0T4A8344-Duzy.jpeg\" title=\"0T4A8344-Duzy\" alt=\"0T4A8344-Duzy\" srcset=\"https:\/\/www.gosiastanczyk.pl\/biblioteka\/wp-content\/uploads\/2024\/12\/0T4A8344-Duzy.jpeg 853w, https:\/\/www.gosiastanczyk.pl\/biblioteka\/wp-content\/uploads\/2024\/12\/0T4A8344-Duzy-200x300.jpeg 200w, https:\/\/www.gosiastanczyk.pl\/biblioteka\/wp-content\/uploads\/2024\/12\/0T4A8344-Duzy-682x1024.jpeg 682w, https:\/\/www.gosiastanczyk.pl\/biblioteka\/wp-content\/uploads\/2024\/12\/0T4A8344-Duzy-768x1152.jpeg 768w\" sizes=\"(max-width: 853px) 100vw, 853px\" \/>\n<h3>Gosia Sta\u0144czyk<\/h3> <p>psycholo\u017cka<\/p> <p>Jestem psycholo\u017ck\u0105, mam\u0105 trojga dzieci. Wspieram rodzic\u00f3w i nauczycieli w poszukiwaniu wiedzy, narz\u0119dzi i sposob\u00f3w na satysfakcjonuj\u0105cy, oparty na szacunku kontakt z dzie\u0107mi. Prowadz\u0119 warsztaty dla rodzic\u00f3w, webinaria i superwizyjne spotkania dla nauczycieli. Jestem autork\u0105 ksi\u0105\u017cek \u201eRodze\u0144stwo\u201d i \u201eMoje dziecko si\u0119 z\u0142o\u015bci\u201d. Fascynuje mnie temat neuror\u00f3\u017cnorodno\u015bci.<\/p>\n<img src=\"https:\/\/www.gosiastanczyk.pl\/biblioteka\/wp-content\/uploads\/2024\/12\/DSC06052-1-683x1024-1-1-1.jpg\" title=\"DSC06052-1-683x1024-1-1 (1)\" alt=\"DSC06052-1-683x1024-1-1 (1)\" srcset=\"https:\/\/www.gosiastanczyk.pl\/biblioteka\/wp-content\/uploads\/2024\/12\/DSC06052-1-683x1024-1-1-1.jpg 680w, https:\/\/www.gosiastanczyk.pl\/biblioteka\/wp-content\/uploads\/2024\/12\/DSC06052-1-683x1024-1-1-1-287x300.jpg 287w\" sizes=\"(max-width: 680px) 100vw, 680px\" \/>\n<h3>Kasia Kalinowska<\/h3> <p>psycholo\u017cka<\/p>\n<p>Jestem psycholo\u017ck\u0105, autork\u0105 projektu Przystanek Relacja, certyfikowan\u0105 trenerk\u0105 FamilyLab Polska. Wspieram rodzic\u00f3w i nauczycieli w budowaniu czu\u0142ych relacji z sob\u0105, dzie\u0107mi i innymi doros\u0142ymi. Jestem absolwentk\u0105 licznych szkole\u0144 z zakresu Rodzicielstwa Blisko\u015bci i Porozumienia bez Przemocy. Wsp\u00f3lnie z Gosi\u0105 napisa\u0142am ksi\u0105\u017ck\u0119 \u201e\u017bycie z przedszkolakiem\u201d (wyd. Mamania).<\/p>\nSUBSKRYPCJA 59 Z\u0141 <p>miesi\u0119cznie (p\u0142atno\u015b\u0107 cykliczna)<\/p> <p>Dost\u0119p tego webinarium oraz do archiwum 50+ webinar\u00f3w Gosi Sta\u0144czyk<\/p> \u2705 Zapisuj\u0105c si\u0119 w formie subskrypcji otrzymiujesz dost\u0119p do webinarium <b>\u201eRodzic z ADHD. Wyzwania i strategie\"<\/b> Nagranie oraz mo\u017cliwo\u015b\u0107 udzia\u0142u na \u017cywo 15.07.2025 o 21:00. oraz \u2705 Dost\u0119p do 50+ webinar\u00f3w archiwalnych w trakcie aktywnej subskrypcji \u2705 Dost\u0119p do bonus\u00f3w (np. webinariu <b>ADHD i emocje<\/b>, kurs online <b>Z\u0142o\u015b\u0107 rodzica<\/b> i inne) Wersje mp3 wszystkich nagra\u0144 Dost\u0119p do grupy Uczestnik\u00f3w na FB \ud83d\udcb3 P\u0142atno\u015b\u0107 kart\u0105 (Visa, Mastercard) \ud83d\udd04 Subskrypcja (p\u0142atno\u015b\u0107 odnawialna automatycznie co miesi\u0105c) \u2705 W ka\u017cdej chwili mo\u017cesz zrezygnowa\u0107 (b\u0119dziesz mie\u0107 wtedy dost\u0119p do ko\u0144ca op\u0142aconego okresu i kolejna op\u0142ata nie zostanie pobrana). <a href=\"https:\/\/easl.ink\/BoO3g?ref=20250715\"> KUPUJ\u0118 W SUBSKRYPCJI (P\u0141ATNO\u015a\u0106 CYKLICZNA 59 Z\u0141\/MIESI\u0104C) <\/a>\n<a href=\"https:\/\/easl.ink\/BoO3g\" > Chc\u0119 pozna\u0107 wi\u0119cej szczeg\u00f3\u0142\u00f3w o subskrypcji <\/a>\nPojedyncze webinarium 59 Z\u0141 <p>p\u0142atno\u015b\u0107 jednorazowa<\/p> <p>Dost\u0119p tylko do tego webinarium<\/p> Webinarium \u201eRodzic z ADHD. Wyzwania i strategie\" Mo\u017cliwo\u015b\u0107 udzia\u0142u na \u017cywo 15.07.2025 o 21:00 Dost\u0119p do nagrania (na 2 lata) \ud83d\udcf1 P\u0142atno\u015b\u0107 BLIK \ud83c\udfe6 P\u0142atno\u015b\u0107 szybkimi przelewami \ud83d\udcb3 P\u0142atno\u015b\u0107 kart\u0105 (Visa, Mastercard) <a href=\"https:\/\/platformarozwojowa.pl\/zamowienie\/?add-to-cart=261332&price-id=1\"> Kupuj\u0119 pojedyncze webinarium <\/a>","_links":{"self":[{"href":"https:\/\/www.gosiastanczyk.pl\/biblioteka\/wp-json\/wp\/v2\/pages\/1785","targetHints":{"allow":["GET"]}}],"collection":[{"href":"https:\/\/www.gosiastanczyk.pl\/biblioteka\/wp-json\/wp\/v2\/pages"}],"about":[{"href":"https:\/\/www.gosiastanczyk.pl\/biblioteka\/wp-json\/wp\/v2\/types\/page"}],"author":[{"embeddable":true,"href":"https:\/\/www.gosiastanczyk.pl\/biblioteka\/wp-json\/wp\/v2\/users\/1"}],"replies":[{"embeddable":true,"href":"https:\/\/www.gosiastanczyk.pl\/biblioteka\/wp-json\/wp\/v2\/comments?post=1785"}],"version-history":[{"count":12,"href":"https:\/\/www.gosiastanczyk.pl\/biblioteka\/wp-json\/wp\/v2\/pages\/1785\/revisions"}],"predecessor-version":[{"id":1798,"href":"https:\/\/www.gosiastanczyk.pl\/biblioteka\/wp-json\/wp\/v2\/pages\/1785\/revisions\/1798"}],"wp:attachment":[{"href":"https:\/\/www.gosiastanczyk.pl\/biblioteka\/wp-json\/wp\/v2\/media?parent=1785"}],"curies":[{"name":"wp","href":"https:\/\/api.w.org\/{rel}","templated":true}]}}